{"id":76,"date":"2026-03-09T23:48:44","date_gmt":"2026-03-10T04:48:44","guid":{"rendered":"https:\/\/linean.store\/?post_type=product&#038;p=76"},"modified":"2026-03-19T22:12:09","modified_gmt":"2026-03-20T03:12:09","slug":"blusa-off-shoulder-dual-noir","status":"publish","type":"product","link":"https:\/\/linean.store\/?product=blusa-off-shoulder-dual-noir","title":{"rendered":"Blusa Off-Shoulder Dual Noir"},"content":{"rendered":"<p><span style=\"font-size: 18pt;\"><strong>Blusa Off-Shoulder Dual Noir \u00a0\u00a0<\/strong><\/span><\/p>\n<p>Blusa de dise\u00f1o contempor\u00e1neo que combina elegancia minimalista con una silueta moderna. Presenta una base blanca de corte limpio que contrasta con una sobrecamisa negra estilo off-shoulder con botones frontales y mangas amplias, creando un efecto de capas sofisticado y distintivo. Su dise\u00f1o estructurado resalta el contraste entre lo cl\u00e1sico y lo vanguardista, convirti\u00e9ndola en una prenda ideal para outfits urbanos con car\u00e1cter. Perfecta para quienes buscan destacar con una pieza elegante pero diferente dentro del streetwear contempor\u00e1neo.<\/p>\n<p data-start=\"543\" data-end=\"797\">Es una prenda ideal para outfits <strong data-start=\"576\" data-end=\"600\">streetwear elegantes<\/strong>, looks <strong data-start=\"608\" data-end=\"629\">old money moderno<\/strong> o estilos <strong data-start=\"640\" data-end=\"669\">minimalistas con car\u00e1cter<\/strong>. Perfecta para combinar con pantalones sastre, faldas negras, denim oscuro o accesorios plateados para un look urbano refinado.<\/p>\n<p data-start=\"799\" data-end=\"987\">Pensada para quienes buscan ropa <strong data-start=\"832\" data-end=\"891\">diferente, exclusiva y dif\u00edcil de encontrar en Colombia<\/strong>, esta pieza destaca por su dise\u00f1o \u00fanico y vers\u00e1til para ocasiones casuales o salidas nocturnas.<\/p>\n<p data-start=\"989\" data-end=\"1016\"><strong data-start=\"989\" data-end=\"1014\">Categor\u00edas de estilo:<\/strong><\/p>\n<ul data-start=\"1017\" data-end=\"1134\">\n<li data-section-id=\"1x8kh0d\" data-start=\"1017\" data-end=\"1040\">\n<p data-start=\"1019\" data-end=\"1040\">Streetwear elegante<\/p>\n<\/li>\n<li data-section-id=\"wpon6s\" data-start=\"1041\" data-end=\"1056\">\n<p data-start=\"1043\" data-end=\"1056\">Minimalista<\/p>\n<\/li>\n<li data-section-id=\"acmrrj\" data-start=\"1057\" data-end=\"1078\">\n<p data-start=\"1059\" data-end=\"1078\">Old Money moderno<\/p>\n<\/li>\n<li data-section-id=\"1go6tk4\" data-start=\"1079\" data-end=\"1097\">\n<p data-start=\"1081\" data-end=\"1097\">Dark aesthetic<\/p>\n<\/li>\n<li data-section-id=\"1fjcxwa\" data-start=\"1098\" data-end=\"1111\">\n<p data-start=\"1100\" data-end=\"1111\">K-fashion<\/p>\n<\/li>\n<\/ul>\n<p><span style=\"font-size: 18pt;\"><strong>Galeria:\u00a0<\/strong><\/span><\/p>\n<p><img loading=\"lazy\" decoding=\"async\" class=\"alignnone size-medium wp-image-80\" src=\"https:\/\/linean.store\/wp-content\/uploads\/2026\/03\/blusa-off-shoulders-5-226x300.png\" alt=\"auto draft\" width=\"226\" height=\"300\" srcset=\"https:\/\/linean.store\/wp-content\/uploads\/2026\/03\/blusa-off-shoulders-5-226x300.png 226w, https:\/\/linean.store\/wp-content\/uploads\/2026\/03\/blusa-off-shoulders-5-380x505.png 380w, https:\/\/linean.store\/wp-content\/uploads\/2026\/03\/blusa-off-shoulders-5.png 505w\" sizes=\"auto, (max-width: 226px) 100vw, 226px\" \/><img loading=\"lazy\" decoding=\"async\" class=\"alignnone size-medium wp-image-79\" src=\"https:\/\/linean.store\/wp-content\/uploads\/2026\/03\/blusa-off-shoulders-4-1-226x300.png\" alt=\"auto draft\" width=\"226\" height=\"300\" srcset=\"https:\/\/linean.store\/wp-content\/uploads\/2026\/03\/blusa-off-shoulders-4-1-226x300.png 226w, https:\/\/linean.store\/wp-content\/uploads\/2026\/03\/blusa-off-shoulders-4-1-380x505.png 380w, https:\/\/linean.store\/wp-content\/uploads\/2026\/03\/blusa-off-shoulders-4-1.png 505w\" sizes=\"auto, (max-width: 226px) 100vw, 226px\" \/><img loading=\"lazy\" decoding=\"async\" class=\"size-medium wp-image-78 alignnone\" src=\"https:\/\/linean.store\/wp-content\/uploads\/2026\/03\/blusa-off-shoulders-3-1-225x300.png\" alt=\"auto draft\" width=\"225\" height=\"300\" srcset=\"https:\/\/linean.store\/wp-content\/uploads\/2026\/03\/blusa-off-shoulders-3-1-225x300.png 225w, https:\/\/linean.store\/wp-content\/uploads\/2026\/03\/blusa-off-shoulders-3-1-380x506.png 380w, https:\/\/linean.store\/wp-content\/uploads\/2026\/03\/blusa-off-shoulders-3-1.png 505w\" sizes=\"auto, (max-width: 225px) 100vw, 225px\" \/><img loading=\"lazy\" decoding=\"async\" class=\"size-medium wp-image-77 alignnone\" src=\"https:\/\/linean.store\/wp-content\/uploads\/2026\/03\/blusa-off-shoulders-2-1-226x300.png\" alt=\"auto draft\" width=\"226\" height=\"300\" srcset=\"https:\/\/linean.store\/wp-content\/uploads\/2026\/03\/blusa-off-shoulders-2-1-226x300.png 226w, https:\/\/linean.store\/wp-content\/uploads\/2026\/03\/blusa-off-shoulders-2-1-380x504.png 380w, https:\/\/linean.store\/wp-content\/uploads\/2026\/03\/blusa-off-shoulders-2-1.png 506w\" sizes=\"auto, (max-width: 226px) 100vw, 226px\" \/><\/p>\n<p>&nbsp;<\/p>\n","protected":false},"excerpt":{"rendered":"<p><span style=\"font-size: 18pt;\"><strong>Blusa Off-Shoulder Dual Noir<\/strong><\/span><br \/>\nBlusa de dise\u00f1o contempor\u00e1neo que combina elegancia minimalista con una silueta moderna. Presenta una base blanca de corte limpio que contrasta con una sobrecamisa negra estilo off-shoulder con botones frontales y mangas amplias, creando un efecto de capas sofisticado y distintivo. Su dise\u00f1o estructurado resalta el contraste entre lo cl\u00e1sico y lo vanguardista, convirti\u00e9ndola en una prenda ideal para outfits urbanos con car\u00e1cter. Perfecta para quienes buscan destacar con una pieza elegante pero diferente dentro del streetwear contempor\u00e1neo.<\/p>\n<h3 data-section-id=\"zuyer7\" data-start=\"82\" data-end=\"111\">Medidas del producto (cm)<\/h3>\n<div class=\"TyagGW_tableContainer\">\n<div class=\"group TyagGW_tableWrapper flex flex-col-reverse w-fit\" tabindex=\"-1\">\n<table class=\"w-fit min-w-(--thread-content-width)\" data-start=\"113\" data-end=\"352\">\n<thead data-start=\"113\" data-end=\"171\">\n<tr data-start=\"113\" data-end=\"171\">\n<th class=\"\" data-start=\"113\" data-end=\"121\" data-col-size=\"sm\">Talla<\/th>\n<th class=\"\" data-start=\"121\" data-end=\"130\" data-col-size=\"sm\">Hombro<\/th>\n<th class=\"\" data-start=\"130\" data-end=\"138\" data-col-size=\"sm\">Pecho<\/th>\n<th class=\"\" data-start=\"138\" data-end=\"146\" data-col-size=\"sm\">Largo<\/th>\n<th class=\"\" data-start=\"146\" data-end=\"163\" data-col-size=\"sm\">Largo de Manga<\/th>\n<th class=\"\" data-start=\"163\" data-end=\"171\" data-col-size=\"sm\">Pu\u00f1o<\/th>\n<\/tr>\n<\/thead>\n<tbody data-start=\"216\" data-end=\"352\">\n<tr data-start=\"216\" data-end=\"249\">\n<td data-start=\"216\" data-end=\"220\" data-col-size=\"sm\">S<\/td>\n<td data-start=\"220\" data-end=\"225\" data-col-size=\"sm\">63<\/td>\n<td data-start=\"225\" data-end=\"231\" data-col-size=\"sm\">110<\/td>\n<td data-start=\"231\" data-end=\"238\" data-col-size=\"sm\">71.5<\/td>\n<td data-start=\"238\" data-end=\"243\" data-col-size=\"sm\">47<\/td>\n<td data-start=\"243\" data-end=\"249\" data-col-size=\"sm\">22<\/td>\n<\/tr>\n<tr data-start=\"250\" data-end=\"283\">\n<td data-start=\"250\" data-end=\"254\" data-col-size=\"sm\">M<\/td>\n<td data-start=\"254\" data-end=\"259\" data-col-size=\"sm\">65<\/td>\n<td data-start=\"259\" data-end=\"265\" data-col-size=\"sm\">114<\/td>\n<td data-start=\"265\" data-end=\"272\" data-col-size=\"sm\">72.5<\/td>\n<td data-start=\"272\" data-end=\"277\" data-col-size=\"sm\">48<\/td>\n<td data-start=\"277\" data-end=\"283\" data-col-size=\"sm\">23<\/td>\n<\/tr>\n<tr data-start=\"284\" data-end=\"317\">\n<td data-start=\"284\" data-end=\"288\" data-col-size=\"sm\">L<\/td>\n<td data-start=\"288\" data-end=\"293\" data-col-size=\"sm\">68<\/td>\n<td data-start=\"293\" data-end=\"299\" data-col-size=\"sm\">120<\/td>\n<td data-start=\"299\" data-end=\"304\" data-col-size=\"sm\">74<\/td>\n<td data-start=\"304\" data-end=\"309\" data-col-size=\"sm\">49<\/td>\n<td data-start=\"309\" data-end=\"317\" data-col-size=\"sm\">24.5<\/td>\n<\/tr>\n<tr data-start=\"318\" data-end=\"352\">\n<td data-start=\"318\" data-end=\"323\" data-col-size=\"sm\">XL<\/td>\n<td data-start=\"323\" data-end=\"328\" data-col-size=\"sm\">71<\/td>\n<td data-start=\"328\" data-end=\"334\" data-col-size=\"sm\">126<\/td>\n<td data-start=\"334\" data-end=\"341\" data-col-size=\"sm\">75.5<\/td>\n<td data-start=\"341\" data-end=\"346\" data-col-size=\"sm\">50<\/td>\n<td data-start=\"346\" data-end=\"352\" data-col-size=\"sm\">26<\/td>\n<\/tr>\n<\/tbody>\n<\/table>\n<\/div>\n<\/div>\n<p data-start=\"354\" data-end=\"434\"><em data-start=\"354\" data-end=\"434\">Las medidas fueron tomadas manualmente, por lo que pueden variar entre 1\u20132 cm.<\/em><\/p>\n","protected":false},"featured_media":80,"comment_status":"open","ping_status":"closed","template":"","meta":{"_kb_optimizer_status":0},"product_brand":[25],"product_cat":[83,84,23,24],"product_tag":[38,28,42,41,27,29,34,40,31,39,43,26,32,44,30,45,37,33,36,35],"class_list":{"0":"post-76","1":"product","2":"type-product","3":"status-publish","4":"has-post-thumbnail","6":"product_brand-franclia","7":"product_cat-k-fashion","8":"product_cat-minimalista","9":"product_cat-oldmoney","10":"product_cat-streetwear","11":"product_tag-blusa-aesthetic","12":"product_tag-blusa-blanco-negro","13":"product_tag-blusa-casual-elegante","14":"product_tag-blusa-diseno-elegante","15":"product_tag-blusa-elegante-mujer","16":"product_tag-blusa-estilo-coreano","17":"product_tag-blusa-fashion-mujer","18":"product_tag-blusa-manga-amplia","19":"product_tag-blusa-minimalista","20":"product_tag-blusa-moderna-mujer","21":"product_tag-blusa-monocromatica","22":"product_tag-blusa-off-shoulder","23":"product_tag-blusa-old-money","24":"product_tag-blusa-outfit-urbano","25":"product_tag-blusa-streetwear-mujer","26":"product_tag-blusa-tendencia-mujer","27":"product_tag-blusa-urbana-mujer","28":"product_tag-blusa-y2k-mujer","29":"product_tag-moda-coreana-mujer","30":"product_tag-ropa-exclusiva-mujer","32":"first","33":"instock","34":"sale","35":"featured","36":"shipping-taxable","37":"purchasable","38":"product-type-variable"},"_links":{"self":[{"href":"https:\/\/linean.store\/index.php?rest_route=\/wp\/v2\/product\/76","targetHints":{"allow":["GET"]}}],"collection":[{"href":"https:\/\/linean.store\/index.php?rest_route=\/wp\/v2\/product"}],"about":[{"href":"https:\/\/linean.store\/index.php?rest_route=\/wp\/v2\/types\/product"}],"replies":[{"embeddable":true,"href":"https:\/\/linean.store\/index.php?rest_route=%2Fwp%2Fv2%2Fcomments&post=76"}],"wp:featuredmedia":[{"embeddable":true,"href":"https:\/\/linean.store\/index.php?rest_route=\/wp\/v2\/media\/80"}],"wp:attachment":[{"href":"https:\/\/linean.store\/index.php?rest_route=%2Fwp%2Fv2%2Fmedia&parent=76"}],"wp:term":[{"taxonomy":"product_brand","embeddable":true,"href":"https:\/\/linean.store\/index.php?rest_route=%2Fwp%2Fv2%2Fproduct_brand&post=76"},{"taxonomy":"product_cat","embeddable":true,"href":"https:\/\/linean.store\/index.php?rest_route=%2Fwp%2Fv2%2Fproduct_cat&post=76"},{"taxonomy":"product_tag","embeddable":true,"href":"https:\/\/linean.store\/index.php?rest_route=%2Fwp%2Fv2%2Fproduct_tag&post=76"}],"curies":[{"name":"wp","href":"https:\/\/api.w.org\/{rel}","templated":true}]}}